{"id":9,"date":"2023-09-06T14:07:30","date_gmt":"2023-09-06T12:07:30","guid":{"rendered":"https:\/\/demosites.royal-elementor-addons.com\/solar-energy-v1\/?page_id=9"},"modified":"2025-08-04T17:59:32","modified_gmt":"2025-08-04T16:59:32","slug":"about","status":"publish","type":"page","link":"https:\/\/ongmjcd.org\/index.php\/about\/","title":{"rendered":"A Propos de la MJCD"},"content":{"rendered":"\n<h2 class=\"wp-block-heading\">Quelques Rapports d&#8217;activit\u00e9s de MJCD ONG<\/h2>\n\n\n\n<div class=\"wp-block-group\"><div class=\"wp-block-group__inner-container is-layout-constrained wp-block-group-is-layout-constrained\">\n<div class=\"wp-block-group is-layout-grid wp-container-core-group-is-layout-9649a0d9 wp-block-group-is-layout-grid\">\n<div data-wp-interactive=\"core\/file\" class=\"wp-block-file wp-container-content-69bc4bdf\"><object data-wp-bind--hidden=\"!state.hasPdfPreview\" hidden class=\"wp-block-file__embed\" data=\"https:\/\/ongmjcd.org\/wp-content\/uploads\/2025\/02\/MJCD_MUSKOKA_Rapport-final.pdf\" type=\"application\/pdf\" style=\"width:100%;height:200px\" aria-label=\"Contenu embarqu\u00e9 MJCD_MUSKOKA_Rapport final.\"><\/object><a id=\"wp-block-file--media-8d428868-c960-4813-b619-a639fe0a2637\" href=\"https:\/\/ongmjcd.org\/wp-content\/uploads\/2025\/02\/MJCD_MUSKOKA_Rapport-final.pdf\">MJCD_MUSKOKA_Rapport final<\/a><a href=\"https:\/\/ongmjcd.org\/wp-content\/uploads\/2025\/02\/MJCD_MUSKOKA_Rapport-final.pdf\" class=\"wp-block-file__button wp-element-button\" download aria-describedby=\"wp-block-file--media-8d428868-c960-4813-b619-a639fe0a2637\">T\u00e9l\u00e9charger<\/a><\/div>\n\n\n\n<div data-wp-interactive=\"core\/file\" class=\"wp-block-file wp-container-content-9d5fa06b\"><object data-wp-bind--hidden=\"!state.hasPdfPreview\" hidden class=\"wp-block-file__embed\" data=\"https:\/\/ongmjcd.org\/wp-content\/uploads\/2025\/02\/MJCD_Rapport-Annuel-2005.pdf\" type=\"application\/pdf\" style=\"width:100%;height:200px\" aria-label=\"Contenu embarqu\u00e9 MJCD_Rapport Annuel 2005.\"><\/object><a id=\"wp-block-file--media-11658c6f-edf7-4cbc-b4c7-53f914e43a14\" href=\"https:\/\/ongmjcd.org\/wp-content\/uploads\/2025\/02\/MJCD_Rapport-Annuel-2005.pdf\">MJCD_Rapport Annuel 2005<\/a><a href=\"https:\/\/ongmjcd.org\/wp-content\/uploads\/2025\/02\/MJCD_Rapport-Annuel-2005.pdf\" class=\"wp-block-file__button wp-element-button\" download aria-describedby=\"wp-block-file--media-11658c6f-edf7-4cbc-b4c7-53f914e43a14\">T\u00e9l\u00e9charger<\/a><\/div>\n<\/div>\n<\/div><\/div>\n\n\n<p><style>\/*! elementor - v3.20.0 - 26-03-2024 *\/<br \/>\n.elementor-heading-title{padding:0;margin:0;line-height:1}.elementor-widget-heading .elementor-heading-title[class*=elementor-size-]>a{color:inherit;font-size:inherit;line-height:inherit}.elementor-widget-heading .elementor-heading-title.elementor-size-small{font-size:15px}.elementor-widget-heading .elementor-heading-title.elementor-size-medium{font-size:19px}.elementor-widget-heading .elementor-heading-title.elementor-size-large{font-size:29px}.elementor-widget-heading .elementor-heading-title.elementor-size-xl{font-size:39px}.elementor-widget-heading .elementor-heading-title.elementor-size-xxl{font-size:59px}<\/style><\/p>\n<h2>A Propos de la MJCD-ONG<\/h2>\n<p>D&#8217;abord le social, apr\u00e8s le social , et enfin le social !<\/p>\n<h2>Qui Sommes nous<\/h2>\n<h2>MJCD-ONG: Fer de lance des OSC pour le d\u00e9veloppement socio-\u00e9conomique <br \/>\u00e0 la base au B\u00e9nin<\/h2>\n<p><strong>La VISION : Contribuer \u00e0 une soci\u00e9t\u00e9 \u00e9panouie\u00a0<\/strong><\/p>\n<p>La Vision de MJCD est de contribuer pour une soci\u00e9t\u00e9 dans laquelle chaque citoyen est \u00e9panoui et contribue efficacement au d\u00e9veloppement aussi bien de sa localit\u00e9 que de la nation toute enti\u00e8re !<\/p>\n<p><a href=\"#link\" data-text=\"Go\"><br \/>En savoir plus<br \/><\/a><br \/><strong>La MISSION : \u00c9difier une Jeunesse Forte et Responsable<\/strong>\u00a0La mission de MJCD est d&#8217;\u0152uvrer \u00e0 l&#8217;aboutissement d&#8217;une jeunesse efficiente et responsable \u00e0 travers la formation, l&#8217;information, l&#8217;\u00e9ducation et la r\u00e9alisation d&#8217;infrastructures socio-\u00e9conomiques communautaires.<br \/><a href=\"#link\" data-text=\"Go\"><br \/>En Savoir Plus<br \/><\/a><br \/>\u00a0<strong>Le BUT : Promouvoir l&#8217;Insertion Socio-\u00c9conomique et Am\u00e9liorer les Conditions de Vie<\/strong><strong>\u00a0<\/strong>Le but de MJCD-ONG est de promouvoir l&#8217;insertion socio-\u00e9conomique et de contribuer \u00e0 l&#8217;harmonisation et \u00e0 l&#8217;am\u00e9lioration des conditions de vie des jeunes des femmes et des communaut\u00e9s \u00e0 la base<br \/><a href=\"#link\" data-text=\"Go\"><br \/>En Savoir Plus<br \/><\/a><\/p>\n<p><style>\/*! elementor - v3.20.0 - 26-03-2024 *\/<br \/>\n.elementor-widget-image{text-align:center}.elementor-widget-image a{display:inline-block}.elementor-widget-image a img[src$=\".svg\"]{width:48px}.elementor-widget-image img{vertical-align:middle;display:inline-block}<\/style><\/p>\n<p><img fetchpriority=\"high\" decoding=\"async\" src=\"https:\/\/ongmjcd.org\/wp-content\/uploads\/2024\/03\/IMG-20201023-WA0051-1024x512.jpg\" sizes=\"(max-width: 960px) 100vw, 960px\" srcset=\"https:\/\/ongmjcd.org\/wp-content\/uploads\/2024\/03\/IMG-20201023-WA0051-1024x512.jpg 1024w, https:\/\/ongmjcd.org\/wp-content\/uploads\/2024\/03\/IMG-20201023-WA0051-300x150.jpg 300w, https:\/\/ongmjcd.org\/wp-content\/uploads\/2024\/03\/IMG-20201023-WA0051-768x384.jpg 768w, https:\/\/ongmjcd.org\/wp-content\/uploads\/2024\/03\/IMG-20201023-WA0051.jpg 1080w\" alt=\"\" width=\"960\" height=\"480\" \/><br \/>\u00a0<strong>Objectifs de la MJCD : Promouvoir l&#8217;Entrepreneuriat, l&#8217;\u00c9ducation pour la Sant\u00e9 et le Bien-\u00catre de la Petite Enfance<\/strong>\u00a01- D\u00e9velopper l&#8217;esprit d&#8217;entreprise et de management au sein des jeunes, des femmes et des artisans \u00e0 travers des formations et des accompagnements institutionnels et des appuis financiers ;\u00a02 &#8211; Assurer l&#8217;\u00e9ducation pour la sant\u00e9 et la r\u00e9alisation des infrastructures socio-\u00e9conomiques de base pour la concr\u00e9tisation du droit \u00e0 la sant\u00e9, \u00e0 la sexualit\u00e9, \u00e0 un environnement respectueux de la dignit\u00e9 humaine.\u00a03- Am\u00e9liorer l&#8217;\u00e9panouissement de la petite enfance par l&#8217;am\u00e9lioration de la sant\u00e9 maternelle, infantile et nutritionnelle et les conditions de scolarisation.<br \/><a href=\"#link\" data-text=\"Go\"><br \/>En Savoir Plus<br \/><\/a><\/p>\n<p><img decoding=\"async\" src=\"https:\/\/ongmjcd.org\/wp-content\/uploads\/2024\/03\/2-300x150.png\" alt=\"\" width=\"488\" height=\"245\" \/><\/p>\n<h2>LEs Moments Forts de notre histoire<\/h2>\n<h2>Une Histoire de Trois d\u00e9cennies<\/h2>\n<p>Trente ann\u00e9es bien enrichies au service du d\u00e9veloppement social et \u00e9conomique au quatre coins du B\u00e9nin\u00a0<\/p>\n<p><a href=\"https:\/\/ongmjcd.org\/index.php\/2024\/03\/12\/bonjour-tout-le-monde\/\">30 Octobre 1993: Naissance de MJCD<\/a><\/p>\n<p>mars 12, 2024<br \/>Le 30 octobre 1993, la Mutuelle des Jeunes Chr\u00e9tiens Pour\u2026<a href=\"https:\/\/ongmjcd.org\/index.php\/2024\/03\/12\/bonjour-tout-le-monde\/\">Lire Plus<\/a><br \/>mars 12, 2024<\/p>\n<p><a href=\"https:\/\/ongmjcd.org\/index.php\/2023\/09\/25\/solar-power-for-businesses-cutting-costs-and-carbon\/\">18 Mai 1994: Reconnaissance officielle de la MJCD \u2013 ONG<\/a><\/p>\n<p>septembre 25, 2023<br \/>Le 18 MAI 1994 le\u00a0Minist\u00e8re du plan et de la\u2026<a href=\"https:\/\/ongmjcd.org\/index.php\/2023\/09\/25\/solar-power-for-businesses-cutting-costs-and-carbon\/\">Lire Plus<\/a><br \/>septembre 25, 2023<\/p>\n<p><a href=\"https:\/\/ongmjcd.org\/index.php\/2023\/09\/25\/solar-power-in-developing-nations-brightening-lives\/\">Solar Power in Developing Nations: Brightening Lives<\/a><\/p>\n<p>septembre 25, 2023<br \/>Le Minist\u00e8re de l\u2019int\u00e9rieur, de la s\u00e9curit\u00e9 et de l\u2019administration\u2026<a href=\"https:\/\/ongmjcd.org\/index.php\/2023\/09\/25\/solar-power-in-developing-nations-brightening-lives\/\">Lire Plus<\/a><br \/>septembre 25, 2023<br \/><!-- Add Pagination --><br \/><!-- Add Arrows --><\/p>\n<h2>Ensemble Pour Construire l&#8217;Avenir : L&#8217;Engagement de la MJCD \u00e0 Cr\u00e9er un Monde Meilleur<\/h2>\n<p>\u00c0 la Mutuelle des jeunes chr\u00e9tiens pour le D\u00e9veloppement (MJCD), chaque action est guid\u00e9e par une d\u00e9termination in\u00e9branlable \u00e0 cr\u00e9er un monde meilleur!<\/p>\n<p><strong>Une Source de D\u00e9termination :<\/strong> Au c\u0153ur de la mission de la MJCD se trouve une source in\u00e9puisable de d\u00e9termination. C&#8217;est cette force int\u00e9rieure qui pousse les membres de l&#8217;organisation \u00e0 agir avec passion et pers\u00e9v\u00e9rance pour faire une diff\u00e9rence dans la vie des gens et dans le monde qui les entoure. Chaque projet, chaque initiative est aliment\u00e9 par cette volont\u00e9 in\u00e9branlable de contribuer \u00e0 un avenir meilleur.<\/p>\n<p><strong>Cr\u00e9er un Monde Meilleur Chaque Jour :<\/strong> Pour la MJCD, construire un avenir meilleur n&#8217;est pas seulement un objectif lointain, mais un engagement quotidien. Chaque jour, l&#8217;organisation travaille \u00e0 mettre en \u0153uvre des solutions innovantes, \u00e0 promouvoir le d\u00e9veloppement durable et \u00e0 renforcer les communaut\u00e9s locales. Que ce soit par le biais de programmes \u00e9ducatifs, de projets de d\u00e9veloppement \u00e9conomique ou d&#8217;actions en faveur de la sant\u00e9 et du bien-\u00eatre, la MJCD s&#8217;efforce de cr\u00e9er un impact positif \u00e0 chaque \u00e9tape du chemin.<\/p>\n<p><strong>Une Vision de Progr\u00e8s et d&#8217;Espoir :<\/strong> La MJCD incarne une vision de progr\u00e8s et d&#8217;espoir pour l&#8217;avenir. En cultivant un environnement o\u00f9 chaque individu a la possibilit\u00e9 de s&#8217;\u00e9panouir et de contribuer \u00e0 la soci\u00e9t\u00e9, l&#8217;organisation aide \u00e0 semer les graines d&#8217;un avenir plus juste, plus \u00e9quitable et plus prosp\u00e8re pour tous. C&#8217;est cette vision qui inspire et motive les membres de la MJCD \u00e0 pers\u00e9v\u00e9rer dans leur mission, malgr\u00e9 les d\u00e9fis rencontr\u00e9s en cours de route.<\/p>\n<p><strong>En sommes <\/strong>La MJCD est bien plus qu&#8217;une simple organisation &#8211; c&#8217;est un phare d&#8217;espoir et de d\u00e9termination dans un monde souvent marqu\u00e9 par l&#8217;adversit\u00e9. En s&#8217;engageant \u00e0 construire un avenir meilleur chaque jour, l&#8217;organisation d\u00e9montre le pouvoir de l&#8217;action collective pour cr\u00e9er un changement positif et durable. Avec cette d\u00e9termination comme guide, la MJCD continue d&#8217;inspirer et de transformer les communaut\u00e9s.<\/p>\n<p><img decoding=\"async\" src=\"https:\/\/ongmjcd.org\/wp-content\/uploads\/2024\/03\/Immeuble-Institut-Phenix.jpg\" alt=\"\" width=\"121\" height=\"86\" \/><\/p>\n<h2>PACIFIER et Assainir notre Monde c&#8217;est<\/h2>\n<h2>Promouvoir les Objectifs du D\u00e9veloppement Durable<\/h2>\n<p>L&#8217;ONG MJCD s&#8217;est appropri\u00e9 les ODD, et s&#8217;engage au del\u00e0 de sa mission initiale, \u00e0 en faire une priorit\u00e9 \u00e0 tout \u00e9gard dans la formulation et\u00a0 l&#8217;ex\u00e9cution de ses actions sur le terrain !\u00a0\u00a0<\/p>\n<p><a href=\"https:\/\/ongmjcd.org\/contact\/\" data-text=\"Go\"><br \/>Soutennez-Nous<br \/><\/a><\/p>\n\n\n<p><\/p>\n","protected":false},"excerpt":{"rendered":"<p>Quelques Rapports d&#8217;activit\u00e9s de MJCD ONG A Propos de la MJCD-ONG D&#8217;abord le social, apr\u00e8s le social , et enfin le social ! Qui Sommes nous MJCD-ONG: Fer de lance des OSC pour le d\u00e9veloppement socio-\u00e9conomique \u00e0 la base au B\u00e9nin La VISION : Contribuer \u00e0 une soci\u00e9t\u00e9 \u00e9panouie\u00a0 La Vision de MJCD est de [&hellip;]<\/p>\n","protected":false},"author":1,"featured_media":0,"parent":0,"menu_order":0,"comment_status":"closed","ping_status":"closed","template":"elementor_canvas","meta":{"footnotes":""},"class_list":["post-9","page","type-page","status-publish","hentry"],"_hostinger_reach_plugin_has_subscription_block":false,"_hostinger_reach_plugin_is_elementor":false,"_links":{"self":[{"href":"https:\/\/ongmjcd.org\/index.php\/wp-json\/wp\/v2\/pages\/9","targetHints":{"allow":["GET"]}}],"collection":[{"href":"https:\/\/ongmjcd.org\/index.php\/wp-json\/wp\/v2\/pages"}],"about":[{"href":"https:\/\/ongmjcd.org\/index.php\/wp-json\/wp\/v2\/types\/page"}],"author":[{"embeddable":true,"href":"https:\/\/ongmjcd.org\/index.php\/wp-json\/wp\/v2\/users\/1"}],"replies":[{"embeddable":true,"href":"https:\/\/ongmjcd.org\/index.php\/wp-json\/wp\/v2\/comments?post=9"}],"version-history":[{"count":3,"href":"https:\/\/ongmjcd.org\/index.php\/wp-json\/wp\/v2\/pages\/9\/revisions"}],"predecessor-version":[{"id":4749,"href":"https:\/\/ongmjcd.org\/index.php\/wp-json\/wp\/v2\/pages\/9\/revisions\/4749"}],"wp:attachment":[{"href":"https:\/\/ongmjcd.org\/index.php\/wp-json\/wp\/v2\/media?parent=9"}],"curies":[{"name":"wp","href":"https:\/\/api.w.org\/{rel}","templated":true}]}}